{"id":289,"date":"2022-09-15T08:04:24","date_gmt":"2022-09-15T08:04:24","guid":{"rendered":"https:\/\/www.rdelsemme.com\/?page_id=289"},"modified":"2024-11-12T11:15:47","modified_gmt":"2024-11-12T09:15:47","slug":"contact-artiste-oeuvres-expositions","status":"publish","type":"page","link":"https:\/\/www.rdelsemme.com\/en\/contact-artiste-oeuvres-expositions\/","title":{"rendered":"Contact"},"content":{"rendered":"<div data-elementor-type=\"wp-page\" data-elementor-id=\"289\" class=\"elementor elementor-289\">\n\t\t\t\t\t\t<section class=\"elementor-section elementor-top-section elementor-element elementor-element-0f864e2 elementor-section-boxed elementor-section-height-default elementor-section-height-default\" data-id=\"0f864e2\" data-element_type=\"section\" data-e-type=\"section\">\n\t\t\t\t\t\t<div class=\"elementor-container elementor-column-gap-default\">\n\t\t\t\t\t<div class=\"elementor-column elementor-col-100 elementor-top-column elementor-element elementor-element-c68d941\" data-id=\"c68d941\" data-element_type=\"column\" data-e-type=\"column\">\n\t\t\t<div class=\"elementor-widget-wrap elementor-element-populated\">\n\t\t\t\t\t\t<div class=\"elementor-element elementor-element-76b94a9 elementor-widget elementor-widget-text-editor\" data-id=\"76b94a9\" data-element_type=\"widget\" data-e-type=\"widget\" data-widget_type=\"text-editor.default\">\n\t\t\t\t<div class=\"elementor-widget-container\">\n\t\t\t\t\t\t\t\t\t<h3>We would love to hear from you! Whether you have questions about our works, wish to arrange a visit, or simply want to discuss art, feel free to contact us. Here\u2019s how to reach us:<\/h3>\t\t\t\t\t\t\t\t<\/div>\n\t\t\t\t<\/div>\n\t\t\t\t<div class=\"elementor-element elementor-element-e17a732 elementor-widget elementor-widget-text-editor\" data-id=\"e17a732\" data-element_type=\"widget\" data-e-type=\"widget\" data-widget_type=\"text-editor.default\">\n\t\t\t\t<div class=\"elementor-widget-container\">\n\t\t\t\t\t\t\t\t\t<h5>Roland Delsemme<\/h5><h5>591 chemin du canadel\u00a0<\/h5><h5>83310 Cogolin\u00a0<\/h5><h5>t\u00e9l\u00e9phone :+33 6 13 47 82 54\u00a0<\/h5><h5>rolanddelsemme@gmail.com<\/h5>\t\t\t\t\t\t\t\t<\/div>\n\t\t\t\t<\/div>\n\t\t\t\t<div class=\"elementor-element elementor-element-5ae1c8d elementor-widget elementor-widget-text-editor\" data-id=\"5ae1c8d\" data-element_type=\"widget\" data-e-type=\"widget\" data-widget_type=\"text-editor.default\">\n\t\t\t\t<div class=\"elementor-widget-container\">\n\t\t\t\t\t\t\t\t\t<p>If you prefer, please fill out the form below to send us a message. I will respond to you as soon as possible.<\/p>\t\t\t\t\t\t\t\t<\/div>\n\t\t\t\t<\/div>\n\t\t\t\t<div class=\"elementor-element elementor-element-c85db29 elementor-widget elementor-widget-shortcode\" data-id=\"c85db29\" data-element_type=\"widget\" data-e-type=\"widget\" data-widget_type=\"shortcode.default\">\n\t\t\t\t<div class=\"elementor-widget-container\">\n\t\t\t\t\t\t\t<div class=\"elementor-shortcode\">\n<div class=\"wpcf7 no-js\" id=\"wpcf7-f302-o1\" lang=\"fr-FR\" dir=\"ltr\" data-wpcf7-id=\"302\">\n<div class=\"screen-reader-response\"><p role=\"status\" aria-live=\"polite\" aria-atomic=\"true\"><\/p> <ul><\/ul><\/div>\n<form action=\"\/en\/wp-json\/wp\/v2\/pages\/289#wpcf7-f302-o1\" method=\"post\" class=\"wpcf7-form init\" aria-label=\"Formulaire de contact\" enctype=\"multipart\/form-data\" novalidate=\"novalidate\" data-status=\"init\" data-trp-original-action=\"\/en\/wp-json\/wp\/v2\/pages\/289#wpcf7-f302-o1\">\n<fieldset class=\"hidden-fields-container\"><input type=\"hidden\" name=\"_wpcf7\" value=\"302\" \/><input type=\"hidden\" name=\"_wpcf7_version\" value=\"6.1.5\" \/><input type=\"hidden\" name=\"_wpcf7_locale\" value=\"fr_FR\" \/><input type=\"hidden\" name=\"_wpcf7_unit_tag\" value=\"wpcf7-f302-o1\" \/><input type=\"hidden\" name=\"_wpcf7_container_post\" value=\"0\" \/><input type=\"hidden\" name=\"_wpcf7_posted_data_hash\" value=\"\" \/>\n<\/fieldset>\n<p><label> Name<br \/>\n<span class=\"wpcf7-form-control-wrap\" data-name=\"your-name\"><input size=\"40\" maxlength=\"400\" class=\"wpcf7-form-control wpcf7-text wpcf7-validates-as-required\" aria-required=\"true\" aria-invalid=\"false\" value=\"\" type=\"text\" name=\"your-name\" \/><\/span> <\/label>\n<\/p>\n<p><label> your email<br \/>\n<span class=\"wpcf7-form-control-wrap\" data-name=\"your-email\"><input size=\"40\" maxlength=\"400\" class=\"wpcf7-form-control wpcf7-email wpcf7-validates-as-required wpcf7-text wpcf7-validates-as-email\" aria-required=\"true\" aria-invalid=\"false\" value=\"\" type=\"email\" name=\"your-email\" \/><\/span> <\/label>\n<\/p>\n<p><label> Objet<br \/>\n<span class=\"wpcf7-form-control-wrap\" data-name=\"your-subject\"><input size=\"40\" maxlength=\"400\" class=\"wpcf7-form-control wpcf7-text wpcf7-validates-as-required\" aria-required=\"true\" aria-invalid=\"false\" value=\"\" type=\"text\" name=\"your-subject\" \/><\/span> <\/label>\n<\/p>\n<p><label> Your message (optional)<br \/>\n<span class=\"wpcf7-form-control-wrap\" data-name=\"your-message\"><textarea cols=\"40\" rows=\"10\" maxlength=\"2000\" class=\"wpcf7-form-control wpcf7-textarea\" aria-invalid=\"false\" name=\"your-message\"><\/textarea><\/span> <\/label>\n<\/p>\n<p><label> fichier<br \/>\n<span class=\"wpcf7-form-control-wrap\" data-name=\"file-22\"><input size=\"40\" class=\"wpcf7-form-control wpcf7-file\" accept=\"audio\/*,video\/*,image\/*\" aria-invalid=\"false\" type=\"file\" name=\"file-22\" \/><\/span><br \/>\n<input class=\"wpcf7-form-control wpcf7-submit has-spinner\" type=\"submit\" value=\"send\" \/><\/label>\n<\/p><p style=\"display: none !important;\" class=\"akismet-fields-container\" data-prefix=\"_wpcf7_ak_\"><label>&#916;<textarea name=\"_wpcf7_ak_hp_textarea\" cols=\"45\" rows=\"8\" maxlength=\"100\"><\/textarea><\/label><input type=\"hidden\" id=\"ak_js_1\" name=\"_wpcf7_ak_js\" value=\"81\"\/><script>\ndocument.getElementById( \"ak_js_1\" ).setAttribute( \"value\", ( new Date() ).getTime() );\n<\/script>\n<\/p><div class=\"wpcf7-response-output\" aria-hidden=\"true\"><\/div>\n<input type=\"hidden\" name=\"trp-form-language\" value=\"en\"\/><\/form>\n<\/div>\n<\/div>\n\t\t\t\t\t\t<\/div>\n\t\t\t\t<\/div>\n\t\t\t\t\t<\/div>\n\t\t<\/div>\n\t\t\t\t\t<\/div>\n\t\t<\/section>\n\t\t\t\t<section class=\"elementor-section elementor-top-section elementor-element elementor-element-397a9cc elementor-section-boxed elementor-section-height-default elementor-section-height-default\" data-id=\"397a9cc\" data-element_type=\"section\" data-e-type=\"section\">\n\t\t\t\t\t\t<div class=\"elementor-container elementor-column-gap-default\">\n\t\t\t\t\t<div class=\"elementor-column elementor-col-100 elementor-top-column elementor-element elementor-element-713d2eb\" data-id=\"713d2eb\" data-element_type=\"column\" data-e-type=\"column\">\n\t\t\t<div class=\"elementor-widget-wrap elementor-element-populated\">\n\t\t\t\t\t\t<div class=\"elementor-element elementor-element-a85695b elementor-widget elementor-widget-text-editor\" data-id=\"a85695b\" data-element_type=\"widget\" data-e-type=\"widget\" data-widget_type=\"text-editor.default\">\n\t\t\t\t<div class=\"elementor-widget-container\">\n\t\t\t\t\t\t\t\t\t<p><strong>follow us<\/strong><\/p><p>Stay connected and follow our latest news on social media<\/p><ul><li><strong>Instagram :<\/strong>\u00a0<a href=\"https:\/\/www.instagram.com\/r.delsemme\/\">https:\/\/www.instagram.com\/r.delsemme\/<\/a><\/li><li><strong>Facebook :<\/strong><a href=\"https:\/\/www.facebook.com\/profile.php?id=6155665088468\">\u00a0https:\/\/www.facebook.com\/profile.php?id=6155665088468<\/a>7<\/li><\/ul>\t\t\t\t\t\t\t\t<\/div>\n\t\t\t\t<\/div>\n\t\t\t\t<div class=\"elementor-element elementor-element-9b2b34d elementor-widget elementor-widget-google_maps\" data-id=\"9b2b34d\" data-element_type=\"widget\" data-e-type=\"widget\" data-widget_type=\"google_maps.default\">\n\t\t\t\t<div class=\"elementor-widget-container\">\n\t\t\t\t\t\t\t<div class=\"elementor-custom-embed\">\n\t\t\t<iframe loading=\"lazy\"\n\t\t\t\t\tsrc=\"https:\/\/maps.google.com\/maps?q=591%20chemin%20du%20canadel%2083310%20cogolin&#038;t=m&#038;z=12&#038;output=embed&#038;iwloc=near\"\n\t\t\t\t\ttitle=\"591 chemin du canadel 83310 cogolin\"\n\t\t\t\t\taria-label=\"591 chemin du canadel 83310 cogolin\"\n\t\t\t><\/iframe>\n\t\t<\/div>\n\t\t\t\t\t\t<\/div>\n\t\t\t\t<\/div>\n\t\t\t\t<div class=\"elementor-element elementor-element-84892a2 elementor-widget elementor-widget-spacer\" data-id=\"84892a2\" data-element_type=\"widget\" data-e-type=\"widget\" data-widget_type=\"spacer.default\">\n\t\t\t\t<div class=\"elementor-widget-container\">\n\t\t\t\t\t\t\t<div class=\"elementor-spacer\">\n\t\t\t<div class=\"elementor-spacer-inner\"><\/div>\n\t\t<\/div>\n\t\t\t\t\t\t<\/div>\n\t\t\t\t<\/div>\n\t\t\t\t<div class=\"elementor-element elementor-element-e7238de elementor-widget elementor-widget-text-editor\" data-id=\"e7238de\" data-element_type=\"widget\" data-e-type=\"widget\" data-widget_type=\"text-editor.default\">\n\t\t\t\t<div class=\"elementor-widget-container\">\n\t\t\t\t\t\t\t\t\t<p><strong>For Any Urgent Request:<\/strong><\/p><p>If you have an urgent request, please contact us directly by phone at +33 6 13 47 82 54.<\/p>\t\t\t\t\t\t\t\t<\/div>\n\t\t\t\t<\/div>\n\t\t\t\t\t<\/div>\n\t\t<\/div>\n\t\t\t\t\t<\/div>\n\t\t<\/section>\n\t\t\t\t<section class=\"elementor-section elementor-top-section elementor-element elementor-element-9bf6710 elementor-section-boxed elementor-section-height-default elementor-section-height-default\" data-id=\"9bf6710\" data-element_type=\"section\" data-e-type=\"section\">\n\t\t\t\t\t\t<div class=\"elementor-container elementor-column-gap-default\">\n\t\t\t\t\t<div class=\"elementor-column elementor-col-100 elementor-top-column elementor-element elementor-element-58cfa5d\" data-id=\"58cfa5d\" data-element_type=\"column\" data-e-type=\"column\">\n\t\t\t<div class=\"elementor-widget-wrap elementor-element-populated\">\n\t\t\t\t\t\t<div class=\"elementor-element elementor-element-8dcf757 elementor-widget elementor-widget-spacer\" data-id=\"8dcf757\" data-element_type=\"widget\" data-e-type=\"widget\" data-widget_type=\"spacer.default\">\n\t\t\t\t<div class=\"elementor-widget-container\">\n\t\t\t\t\t\t\t<div class=\"elementor-spacer\">\n\t\t\t<div class=\"elementor-spacer-inner\"><\/div>\n\t\t<\/div>\n\t\t\t\t\t\t<\/div>\n\t\t\t\t<\/div>\n\t\t\t\t\t<\/div>\n\t\t<\/div>\n\t\t\t\t\t<\/div>\n\t\t<\/section>\n\t\t\t\t<section class=\"elementor-section elementor-top-section elementor-element elementor-element-37f0b93 elementor-section-boxed elementor-section-height-default elementor-section-height-default\" data-id=\"37f0b93\" data-element_type=\"section\" data-e-type=\"section\">\n\t\t\t\t\t\t<div class=\"elementor-container elementor-column-gap-default\">\n\t\t\t\t\t<div class=\"elementor-column elementor-col-100 elementor-top-column elementor-element elementor-element-ae07fb0\" data-id=\"ae07fb0\" data-element_type=\"column\" data-e-type=\"column\">\n\t\t\t<div class=\"elementor-widget-wrap elementor-element-populated\">\n\t\t\t\t\t\t<div class=\"elementor-element elementor-element-7e1e144 elementor-widget elementor-widget-heading\" data-id=\"7e1e144\" data-element_type=\"widget\" data-e-type=\"widget\" data-widget_type=\"heading.default\">\n\t\t\t\t<div class=\"elementor-widget-container\">\n\t\t\t\t\t<h2 class=\"elementor-heading-title elementor-size-default\">I look forward to hearing from you and sharing our passion for art together!<\/h2>\t\t\t\t<\/div>\n\t\t\t\t<\/div>\n\t\t\t\t\t<\/div>\n\t\t<\/div>\n\t\t\t\t\t<\/div>\n\t\t<\/section>\n\t\t\t\t<section class=\"elementor-section elementor-top-section elementor-element elementor-element-eb1626a elementor-section-boxed elementor-section-height-default elementor-section-height-default\" data-id=\"eb1626a\" data-element_type=\"section\" data-e-type=\"section\">\n\t\t\t\t\t\t<div class=\"elementor-container elementor-column-gap-default\">\n\t\t\t\t\t<div class=\"elementor-column elementor-col-100 elementor-top-column elementor-element elementor-element-a3761ca\" data-id=\"a3761ca\" data-element_type=\"column\" data-e-type=\"column\">\n\t\t\t<div class=\"elementor-widget-wrap elementor-element-populated\">\n\t\t\t\t\t\t<div class=\"elementor-element elementor-element-fa76ee4 elementor-widget elementor-widget-spacer\" data-id=\"fa76ee4\" data-element_type=\"widget\" data-e-type=\"widget\" data-widget_type=\"spacer.default\">\n\t\t\t\t<div class=\"elementor-widget-container\">\n\t\t\t\t\t\t\t<div class=\"elementor-spacer\">\n\t\t\t<div class=\"elementor-spacer-inner\"><\/div>\n\t\t<\/div>\n\t\t\t\t\t\t<\/div>\n\t\t\t\t<\/div>\n\t\t\t\t\t<\/div>\n\t\t<\/div>\n\t\t\t\t\t<\/div>\n\t\t<\/section>\n\t\t\t\t<\/div>","protected":false},"excerpt":{"rendered":"<p>Nous serions ravis de vous entendre ! Que vous ayez des questions sur nos \u0153uvres, souhaitiez organiser une visite, ou simplement discuter de l&rsquo;art, n&rsquo;h\u00e9sitez pas \u00e0 nous contacter. Voici comment nous joindre : Roland Delsemme 591 chemin du canadel\u00a0 83310 Cogolin\u00a0 t\u00e9l\u00e9phone :+33 6 13 47 82 54\u00a0 rolanddelsemme@gmail.com Si vous pr\u00e9f\u00e9rez merci de&#8230;<\/p>","protected":false},"author":1,"featured_media":0,"parent":0,"menu_order":0,"comment_status":"closed","ping_status":"closed","template":"","meta":{"_kad_post_transparent":"","_kad_post_title":"hide","_kad_post_layout":"fullwidth","_kad_post_sidebar_id":"","_kad_post_content_style":"unboxed","_kad_post_vertical_padding":"hide","_kad_post_feature":"hide","_kad_post_feature_position":"","_kad_post_header":false,"_kad_post_footer":false,"footnotes":""},"class_list":["post-289","page","type-page","status-publish","hentry"],"yoast_head":"<!-- This site is optimized with the Yoast SEO plugin v27.5 - https:\/\/yoast.com\/product\/yoast-seo-wordpress\/ -->\n<title>Contact - RDelsemme<\/title>\n<meta name=\"description\" content=\"Contactez l&#039;artiste Roland Delsemme pour toute question concernant ses \u0153uvres, expositions et commandes sp\u00e9ciales. Remplissez le formulaire de contact.\" \/>\n<meta name=\"robots\" content=\"index, follow, max-snippet:-1, max-image-preview:large, max-video-preview:-1\" \/>\n<link rel=\"canonical\" href=\"https:\/\/www.rdelsemme.com\/en\/contact-artiste-oeuvres-expositions\/\" \/>\n<meta property=\"og:locale\" content=\"en_US\" \/>\n<meta property=\"og:type\" content=\"article\" \/>\n<meta property=\"og:title\" content=\"Contact - RDelsemme\" \/>\n<meta property=\"og:description\" content=\"Contactez l&#039;artiste Roland Delsemme pour toute question concernant ses \u0153uvres, expositions et commandes sp\u00e9ciales. Remplissez le formulaire de contact.\" \/>\n<meta property=\"og:url\" content=\"https:\/\/www.rdelsemme.com\/en\/contact-artiste-oeuvres-expositions\/\" \/>\n<meta property=\"og:site_name\" content=\"RDelsemme\" \/>\n<meta property=\"article:modified_time\" content=\"2024-11-12T09:15:47+00:00\" \/>\n<meta name=\"twitter:card\" content=\"summary_large_image\" \/>\n<meta name=\"twitter:label1\" content=\"Est. reading time\" \/>\n\t<meta name=\"twitter:data1\" content=\"1 minute\" \/>\n<script type=\"application\/ld+json\" class=\"yoast-schema-graph\">{\"@context\":\"https:\\\/\\\/schema.org\",\"@graph\":[{\"@type\":\"WebPage\",\"@id\":\"https:\\\/\\\/www.rdelsemme.com\\\/contact-artiste-oeuvres-expositions\\\/\",\"url\":\"https:\\\/\\\/www.rdelsemme.com\\\/contact-artiste-oeuvres-expositions\\\/\",\"name\":\"Contact - RDelsemme\",\"isPartOf\":{\"@id\":\"https:\\\/\\\/www.rdelsemme.com\\\/#website\"},\"datePublished\":\"2022-09-15T08:04:24+00:00\",\"dateModified\":\"2024-11-12T09:15:47+00:00\",\"description\":\"Contactez l'artiste Roland Delsemme pour toute question concernant ses \u0153uvres, expositions et commandes sp\u00e9ciales. Remplissez le formulaire de contact.\",\"breadcrumb\":{\"@id\":\"https:\\\/\\\/www.rdelsemme.com\\\/contact-artiste-oeuvres-expositions\\\/#breadcrumb\"},\"inLanguage\":\"en-US\",\"potentialAction\":[{\"@type\":\"ReadAction\",\"target\":[\"https:\\\/\\\/www.rdelsemme.com\\\/contact-artiste-oeuvres-expositions\\\/\"]}]},{\"@type\":\"BreadcrumbList\",\"@id\":\"https:\\\/\\\/www.rdelsemme.com\\\/contact-artiste-oeuvres-expositions\\\/#breadcrumb\",\"itemListElement\":[{\"@type\":\"ListItem\",\"position\":1,\"name\":\"Accueil\",\"item\":\"https:\\\/\\\/www.rdelsemme.com\\\/\"},{\"@type\":\"ListItem\",\"position\":2,\"name\":\"Contact\"}]},{\"@type\":\"WebSite\",\"@id\":\"https:\\\/\\\/www.rdelsemme.com\\\/#website\",\"url\":\"https:\\\/\\\/www.rdelsemme.com\\\/\",\"name\":\"RDelsemme\",\"description\":\"Artiste Designer\",\"publisher\":{\"@id\":\"https:\\\/\\\/www.rdelsemme.com\\\/#\\\/schema\\\/person\\\/deaaa5efccddd0af470b509f08c766c3\"},\"potentialAction\":[{\"@type\":\"SearchAction\",\"target\":{\"@type\":\"EntryPoint\",\"urlTemplate\":\"https:\\\/\\\/www.rdelsemme.com\\\/?s={search_term_string}\"},\"query-input\":{\"@type\":\"PropertyValueSpecification\",\"valueRequired\":true,\"valueName\":\"search_term_string\"}}],\"inLanguage\":\"en-US\"},{\"@type\":[\"Person\",\"Organization\"],\"@id\":\"https:\\\/\\\/www.rdelsemme.com\\\/#\\\/schema\\\/person\\\/deaaa5efccddd0af470b509f08c766c3\",\"name\":\"rdelsemme\",\"image\":{\"@type\":\"ImageObject\",\"inLanguage\":\"en-US\",\"@id\":\"https:\\\/\\\/www.rdelsemme.com\\\/wp-content\\\/uploads\\\/2022\\\/08\\\/logo-3-512.bmp\",\"url\":\"https:\\\/\\\/www.rdelsemme.com\\\/wp-content\\\/uploads\\\/2022\\\/08\\\/logo-3-512.bmp\",\"contentUrl\":\"https:\\\/\\\/www.rdelsemme.com\\\/wp-content\\\/uploads\\\/2022\\\/08\\\/logo-3-512.bmp\",\"width\":512,\"height\":512,\"caption\":\"rdelsemme\"},\"logo\":{\"@id\":\"https:\\\/\\\/www.rdelsemme.com\\\/wp-content\\\/uploads\\\/2022\\\/08\\\/logo-3-512.bmp\"},\"sameAs\":[\"https:\\\/\\\/www.rdelsemme.com\"]}]}<\/script>\n<!-- \/ Yoast SEO plugin. -->","yoast_head_json":{"title":"Contact - RDelsemme","description":"Contactez l'artiste Roland Delsemme pour toute question concernant ses \u0153uvres, expositions et commandes sp\u00e9ciales. Remplissez le formulaire de contact.","robots":{"index":"index","follow":"follow","max-snippet":"max-snippet:-1","max-image-preview":"max-image-preview:large","max-video-preview":"max-video-preview:-1"},"canonical":"https:\/\/www.rdelsemme.com\/en\/contact-artiste-oeuvres-expositions\/","og_locale":"en_US","og_type":"article","og_title":"Contact - RDelsemme","og_description":"Contactez l'artiste Roland Delsemme pour toute question concernant ses \u0153uvres, expositions et commandes sp\u00e9ciales. Remplissez le formulaire de contact.","og_url":"https:\/\/www.rdelsemme.com\/en\/contact-artiste-oeuvres-expositions\/","og_site_name":"RDelsemme","article_modified_time":"2024-11-12T09:15:47+00:00","twitter_card":"summary_large_image","twitter_misc":{"Est. reading time":"1 minute"},"schema":{"@context":"https:\/\/schema.org","@graph":[{"@type":"WebPage","@id":"https:\/\/www.rdelsemme.com\/contact-artiste-oeuvres-expositions\/","url":"https:\/\/www.rdelsemme.com\/contact-artiste-oeuvres-expositions\/","name":"Contact - RDelsemme","isPartOf":{"@id":"https:\/\/www.rdelsemme.com\/#website"},"datePublished":"2022-09-15T08:04:24+00:00","dateModified":"2024-11-12T09:15:47+00:00","description":"Contactez l'artiste Roland Delsemme pour toute question concernant ses \u0153uvres, expositions et commandes sp\u00e9ciales. Remplissez le formulaire de contact.","breadcrumb":{"@id":"https:\/\/www.rdelsemme.com\/contact-artiste-oeuvres-expositions\/#breadcrumb"},"inLanguage":"en-US","potentialAction":[{"@type":"ReadAction","target":["https:\/\/www.rdelsemme.com\/contact-artiste-oeuvres-expositions\/"]}]},{"@type":"BreadcrumbList","@id":"https:\/\/www.rdelsemme.com\/contact-artiste-oeuvres-expositions\/#breadcrumb","itemListElement":[{"@type":"ListItem","position":1,"name":"Accueil","item":"https:\/\/www.rdelsemme.com\/"},{"@type":"ListItem","position":2,"name":"Contact"}]},{"@type":"WebSite","@id":"https:\/\/www.rdelsemme.com\/#website","url":"https:\/\/www.rdelsemme.com\/","name":"RDelsemme","description":"Artiste Designer","publisher":{"@id":"https:\/\/www.rdelsemme.com\/#\/schema\/person\/deaaa5efccddd0af470b509f08c766c3"},"potentialAction":[{"@type":"SearchAction","target":{"@type":"EntryPoint","urlTemplate":"https:\/\/www.rdelsemme.com\/?s={search_term_string}"},"query-input":{"@type":"PropertyValueSpecification","valueRequired":true,"valueName":"search_term_string"}}],"inLanguage":"en-US"},{"@type":["Person","Organization"],"@id":"https:\/\/www.rdelsemme.com\/#\/schema\/person\/deaaa5efccddd0af470b509f08c766c3","name":"rdelsemme","image":{"@type":"ImageObject","inLanguage":"en-US","@id":"https:\/\/www.rdelsemme.com\/wp-content\/uploads\/2022\/08\/logo-3-512.bmp","url":"https:\/\/www.rdelsemme.com\/wp-content\/uploads\/2022\/08\/logo-3-512.bmp","contentUrl":"https:\/\/www.rdelsemme.com\/wp-content\/uploads\/2022\/08\/logo-3-512.bmp","width":512,"height":512,"caption":"rdelsemme"},"logo":{"@id":"https:\/\/www.rdelsemme.com\/wp-content\/uploads\/2022\/08\/logo-3-512.bmp"},"sameAs":["https:\/\/www.rdelsemme.com"]}]}},"_links":{"self":[{"href":"https:\/\/www.rdelsemme.com\/en\/wp-json\/wp\/v2\/pages\/289","targetHints":{"allow":["GET"]}}],"collection":[{"href":"https:\/\/www.rdelsemme.com\/en\/wp-json\/wp\/v2\/pages"}],"about":[{"href":"https:\/\/www.rdelsemme.com\/en\/wp-json\/wp\/v2\/types\/page"}],"author":[{"embeddable":true,"href":"https:\/\/www.rdelsemme.com\/en\/wp-json\/wp\/v2\/users\/1"}],"replies":[{"embeddable":true,"href":"https:\/\/www.rdelsemme.com\/en\/wp-json\/wp\/v2\/comments?post=289"}],"version-history":[{"count":28,"href":"https:\/\/www.rdelsemme.com\/en\/wp-json\/wp\/v2\/pages\/289\/revisions"}],"predecessor-version":[{"id":1301,"href":"https:\/\/www.rdelsemme.com\/en\/wp-json\/wp\/v2\/pages\/289\/revisions\/1301"}],"wp:attachment":[{"href":"https:\/\/www.rdelsemme.com\/en\/wp-json\/wp\/v2\/media?parent=289"}],"curies":[{"name":"wp","href":"https:\/\/api.w.org\/{rel}","templated":true}]}}