{"id":1605,"date":"2025-09-22T17:48:52","date_gmt":"2025-09-22T15:48:52","guid":{"rendered":"https:\/\/www.rdelsemme.com\/?page_id=1605"},"modified":"2025-09-29T17:05:19","modified_gmt":"2025-09-29T15:05:19","slug":"oeuvres","status":"publish","type":"page","link":"https:\/\/www.rdelsemme.com\/en\/oeuvres\/","title":{"rendered":"Artworks"},"content":{"rendered":"<div data-elementor-type=\"wp-page\" data-elementor-id=\"1605\" class=\"elementor elementor-1605\">\n\t\t\t\t\t\t<section class=\"elementor-section elementor-top-section elementor-element elementor-element-91707ac elementor-section-boxed elementor-section-height-default elementor-section-height-default\" data-id=\"91707ac\" data-element_type=\"section\" data-e-type=\"section\">\n\t\t\t\t\t\t<div class=\"elementor-container elementor-column-gap-default\">\n\t\t\t\t\t<div class=\"elementor-column elementor-col-100 elementor-top-column elementor-element elementor-element-68af684\" data-id=\"68af684\" data-element_type=\"column\" data-e-type=\"column\">\n\t\t\t<div class=\"elementor-widget-wrap elementor-element-populated\">\n\t\t\t\t\t\t<div class=\"elementor-element elementor-element-2973800 elementor-widget elementor-widget-heading\" data-id=\"2973800\" data-element_type=\"widget\" data-e-type=\"widget\" data-widget_type=\"heading.default\">\n\t\t\t\t<div class=\"elementor-widget-container\">\n\t\t\t\t\t<h1 class=\"elementor-heading-title elementor-size-default\">Portofolio<\/h1>\t\t\t\t<\/div>\n\t\t\t\t<\/div>\n\t\t\t\t\t<\/div>\n\t\t<\/div>\n\t\t\t\t\t<\/div>\n\t\t<\/section>\n\t\t\t\t<section class=\"elementor-section elementor-top-section elementor-element elementor-element-d6dbf34 elementor-section-boxed elementor-section-height-default elementor-section-height-default\" data-id=\"d6dbf34\" data-element_type=\"section\" data-e-type=\"section\">\n\t\t\t\t\t\t<div class=\"elementor-container elementor-column-gap-default\">\n\t\t\t\t\t<div class=\"elementor-column elementor-col-100 elementor-top-column elementor-element elementor-element-1c7b3ec\" data-id=\"1c7b3ec\" data-element_type=\"column\" data-e-type=\"column\">\n\t\t\t<div class=\"elementor-widget-wrap elementor-element-populated\">\n\t\t\t\t\t\t<div class=\"elementor-element elementor-element-fcb1899 elementor-widget elementor-widget-text-editor\" data-id=\"fcb1899\" data-element_type=\"widget\" data-e-type=\"widget\" data-widget_type=\"text-editor.default\">\n\t\t\t\t<div class=\"elementor-widget-container\">\n\t\t\t\t\t\t\t\t\t<p style=\"text-align: center;\" class=\"translation-block\">My work revolves around four worlds.\nThe Ribbons, carbon sculptures with fluid and light forms.\nThe Animals, where instinct and symbolism come to life.\nThe Sailboats, a tribute to the sea and sailing.\nAnd finally, my paintings.<\/p>\t\t\t\t\t\t\t\t<\/div>\n\t\t\t\t<\/div>\n\t\t\t\t\t<\/div>\n\t\t<\/div>\n\t\t\t\t\t<\/div>\n\t\t<\/section>\n\t\t\t\t<section class=\"elementor-section elementor-top-section elementor-element elementor-element-4e20ac0 elementor-section-boxed elementor-section-height-default elementor-section-height-default\" data-id=\"4e20ac0\" data-element_type=\"section\" data-e-type=\"section\">\n\t\t\t\t\t\t<div class=\"elementor-container elementor-column-gap-default\">\n\t\t\t\t\t<div class=\"elementor-column elementor-col-50 elementor-top-column elementor-element elementor-element-151ec06\" data-id=\"151ec06\" data-element_type=\"column\" data-e-type=\"column\">\n\t\t\t<div class=\"elementor-widget-wrap elementor-element-populated\">\n\t\t\t\t\t\t<div class=\"elementor-element elementor-element-cb7deea elementor-widget elementor-widget-heading\" data-id=\"cb7deea\" data-element_type=\"widget\" data-e-type=\"widget\" data-widget_type=\"heading.default\">\n\t\t\t\t<div class=\"elementor-widget-container\">\n\t\t\t\t\t<h1 class=\"elementor-heading-title elementor-size-default\">The Ribbons Series<\/h1>\t\t\t\t<\/div>\n\t\t\t\t<\/div>\n\t\t\t\t<div class=\"elementor-element elementor-element-ce4a9cf elementor-widget elementor-widget-image\" data-id=\"ce4a9cf\" data-element_type=\"widget\" data-e-type=\"widget\" data-widget_type=\"image.default\">\n\t\t\t\t<div class=\"elementor-widget-container\">\n\t\t\t\t\t\t\t\t\t\t\t\t\t\t\t\t<a href=\"https:\/\/www.rdelsemme.com\/en\/category\/les-rubans\/\" target=\"_blank\">\n\t\t\t\t\t\t\t<img fetchpriority=\"high\" decoding=\"async\" width=\"1024\" height=\"1024\" src=\"https:\/\/www.rdelsemme.com\/wp-content\/uploads\/2025\/09\/une-femme-en-or-1024x1024.jpeg\" class=\"elementor-animation-shrink attachment-large size-large wp-image-1634\" alt=\"\" srcset=\"https:\/\/www.rdelsemme.com\/wp-content\/uploads\/2025\/09\/une-femme-en-or-1024x1024.jpeg 1024w, https:\/\/www.rdelsemme.com\/wp-content\/uploads\/2025\/09\/une-femme-en-or-300x300.jpeg 300w, https:\/\/www.rdelsemme.com\/wp-content\/uploads\/2025\/09\/une-femme-en-or-150x150.jpeg 150w, https:\/\/www.rdelsemme.com\/wp-content\/uploads\/2025\/09\/une-femme-en-or-768x768.jpeg 768w, https:\/\/www.rdelsemme.com\/wp-content\/uploads\/2025\/09\/une-femme-en-or-12x12.jpeg 12w, https:\/\/www.rdelsemme.com\/wp-content\/uploads\/2025\/09\/une-femme-en-or-600x600.jpeg 600w, https:\/\/www.rdelsemme.com\/wp-content\/uploads\/2025\/09\/une-femme-en-or-100x100.jpeg 100w, https:\/\/www.rdelsemme.com\/wp-content\/uploads\/2025\/09\/une-femme-en-or.jpeg 1080w\" sizes=\"(max-width: 1024px) 100vw, 1024px\" \/>\t\t\t\t\t\t\t\t<\/a>\n\t\t\t\t\t\t\t\t\t\t\t\t\t\t\t<\/div>\n\t\t\t\t<\/div>\n\t\t\t\t\t<\/div>\n\t\t<\/div>\n\t\t\t\t<div class=\"elementor-column elementor-col-50 elementor-top-column elementor-element elementor-element-c0f9d5f\" data-id=\"c0f9d5f\" data-element_type=\"column\" data-e-type=\"column\">\n\t\t\t<div class=\"elementor-widget-wrap elementor-element-populated\">\n\t\t\t\t\t\t<div class=\"elementor-element elementor-element-ac08eca elementor-widget elementor-widget-heading\" data-id=\"ac08eca\" data-element_type=\"widget\" data-e-type=\"widget\" data-widget_type=\"heading.default\">\n\t\t\t\t<div class=\"elementor-widget-container\">\n\t\t\t\t\t<h1 class=\"elementor-heading-title elementor-size-default\">Sail boat<\/h1>\t\t\t\t<\/div>\n\t\t\t\t<\/div>\n\t\t\t\t<div class=\"elementor-element elementor-element-f529f9b elementor-widget elementor-widget-image\" data-id=\"f529f9b\" data-element_type=\"widget\" data-e-type=\"widget\" data-widget_type=\"image.default\">\n\t\t\t\t<div class=\"elementor-widget-container\">\n\t\t\t\t\t\t\t\t\t\t\t\t\t\t\t\t<a href=\"https:\/\/www.rdelsemme.com\/en\/category\/les-voiliers\/\" target=\"_blank\">\n\t\t\t\t\t\t\t<img decoding=\"async\" width=\"1024\" height=\"1024\" src=\"https:\/\/www.rdelsemme.com\/wp-content\/uploads\/2025\/09\/voilier-libelule-1024x1024.jpeg\" class=\"elementor-animation-shrink attachment-large size-large wp-image-1632\" alt=\"\" srcset=\"https:\/\/www.rdelsemme.com\/wp-content\/uploads\/2025\/09\/voilier-libelule-1024x1024.jpeg 1024w, https:\/\/www.rdelsemme.com\/wp-content\/uploads\/2025\/09\/voilier-libelule-300x300.jpeg 300w, https:\/\/www.rdelsemme.com\/wp-content\/uploads\/2025\/09\/voilier-libelule-150x150.jpeg 150w, https:\/\/www.rdelsemme.com\/wp-content\/uploads\/2025\/09\/voilier-libelule-768x768.jpeg 768w, https:\/\/www.rdelsemme.com\/wp-content\/uploads\/2025\/09\/voilier-libelule-12x12.jpeg 12w, https:\/\/www.rdelsemme.com\/wp-content\/uploads\/2025\/09\/voilier-libelule-600x600.jpeg 600w, https:\/\/www.rdelsemme.com\/wp-content\/uploads\/2025\/09\/voilier-libelule-100x100.jpeg 100w, https:\/\/www.rdelsemme.com\/wp-content\/uploads\/2025\/09\/voilier-libelule.jpeg 1080w\" sizes=\"(max-width: 1024px) 100vw, 1024px\" \/>\t\t\t\t\t\t\t\t<\/a>\n\t\t\t\t\t\t\t\t\t\t\t\t\t\t\t<\/div>\n\t\t\t\t<\/div>\n\t\t\t\t\t<\/div>\n\t\t<\/div>\n\t\t\t\t\t<\/div>\n\t\t<\/section>\n\t\t\t\t<section class=\"elementor-section elementor-top-section elementor-element elementor-element-dfb2b9e elementor-section-boxed elementor-section-height-default elementor-section-height-default\" data-id=\"dfb2b9e\" data-element_type=\"section\" data-e-type=\"section\">\n\t\t\t\t\t\t<div class=\"elementor-container elementor-column-gap-default\">\n\t\t\t\t\t<div class=\"elementor-column elementor-col-50 elementor-top-column elementor-element elementor-element-4f4f474\" data-id=\"4f4f474\" data-element_type=\"column\" data-e-type=\"column\">\n\t\t\t<div class=\"elementor-widget-wrap elementor-element-populated\">\n\t\t\t\t\t\t<div class=\"elementor-element elementor-element-803c72e elementor-widget elementor-widget-heading\" data-id=\"803c72e\" data-element_type=\"widget\" data-e-type=\"widget\" data-widget_type=\"heading.default\">\n\t\t\t\t<div class=\"elementor-widget-container\">\n\t\t\t\t\t<h2 class=\"elementor-heading-title elementor-size-default\">Animal<\/h2>\t\t\t\t<\/div>\n\t\t\t\t<\/div>\n\t\t\t\t<div class=\"elementor-element elementor-element-4ef0ad5 elementor-widget elementor-widget-image\" data-id=\"4ef0ad5\" data-element_type=\"widget\" data-e-type=\"widget\" data-widget_type=\"image.default\">\n\t\t\t\t<div class=\"elementor-widget-container\">\n\t\t\t\t\t\t\t\t\t\t\t\t\t\t\t\t<a href=\"https:\/\/www.rdelsemme.com\/en\/category\/les-animaux\/\" target=\"_blank\">\n\t\t\t\t\t\t\t<img decoding=\"async\" width=\"1024\" height=\"1024\" src=\"https:\/\/www.rdelsemme.com\/wp-content\/uploads\/2025\/09\/phoenix-intemporel-1024x1024.jpeg\" class=\"elementor-animation-shrink attachment-large size-large wp-image-1630\" alt=\"\" srcset=\"https:\/\/www.rdelsemme.com\/wp-content\/uploads\/2025\/09\/phoenix-intemporel-1024x1024.jpeg 1024w, https:\/\/www.rdelsemme.com\/wp-content\/uploads\/2025\/09\/phoenix-intemporel-300x300.jpeg 300w, https:\/\/www.rdelsemme.com\/wp-content\/uploads\/2025\/09\/phoenix-intemporel-150x150.jpeg 150w, https:\/\/www.rdelsemme.com\/wp-content\/uploads\/2025\/09\/phoenix-intemporel-768x768.jpeg 768w, https:\/\/www.rdelsemme.com\/wp-content\/uploads\/2025\/09\/phoenix-intemporel-12x12.jpeg 12w, https:\/\/www.rdelsemme.com\/wp-content\/uploads\/2025\/09\/phoenix-intemporel-600x600.jpeg 600w, https:\/\/www.rdelsemme.com\/wp-content\/uploads\/2025\/09\/phoenix-intemporel-100x100.jpeg 100w, https:\/\/www.rdelsemme.com\/wp-content\/uploads\/2025\/09\/phoenix-intemporel.jpeg 1080w\" sizes=\"(max-width: 1024px) 100vw, 1024px\" \/>\t\t\t\t\t\t\t\t<\/a>\n\t\t\t\t\t\t\t\t\t\t\t\t\t\t\t<\/div>\n\t\t\t\t<\/div>\n\t\t\t\t\t<\/div>\n\t\t<\/div>\n\t\t\t\t<div class=\"elementor-column elementor-col-50 elementor-top-column elementor-element elementor-element-523ed25\" data-id=\"523ed25\" data-element_type=\"column\" data-e-type=\"column\">\n\t\t\t<div class=\"elementor-widget-wrap elementor-element-populated\">\n\t\t\t\t\t\t<div class=\"elementor-element elementor-element-b4dd95a elementor-widget elementor-widget-heading\" data-id=\"b4dd95a\" data-element_type=\"widget\" data-e-type=\"widget\" data-widget_type=\"heading.default\">\n\t\t\t\t<div class=\"elementor-widget-container\">\n\t\t\t\t\t<h2 class=\"elementor-heading-title elementor-size-default\">The Collection of Paintings<\/h2>\t\t\t\t<\/div>\n\t\t\t\t<\/div>\n\t\t\t\t<div class=\"elementor-element elementor-element-91c3298 elementor-widget elementor-widget-image\" data-id=\"91c3298\" data-element_type=\"widget\" data-e-type=\"widget\" data-widget_type=\"image.default\">\n\t\t\t\t<div class=\"elementor-widget-container\">\n\t\t\t\t\t\t\t\t\t\t\t\t\t\t\t\t<a href=\"https:\/\/www.rdelsemme.com\/en\/category\/les-tableaux\/\" target=\"_blank\">\n\t\t\t\t\t\t\t<img loading=\"lazy\" decoding=\"async\" width=\"1024\" height=\"1024\" src=\"https:\/\/www.rdelsemme.com\/wp-content\/uploads\/2024\/09\/Lenvolwebb-1024x1024.webp\" class=\"elementor-animation-shrink attachment-large size-large wp-image-1174\" alt=\"L&#039;envol\" srcset=\"https:\/\/www.rdelsemme.com\/wp-content\/uploads\/2024\/09\/Lenvolwebb-1024x1024.webp 1024w, https:\/\/www.rdelsemme.com\/wp-content\/uploads\/2024\/09\/Lenvolwebb-300x300.webp 300w, https:\/\/www.rdelsemme.com\/wp-content\/uploads\/2024\/09\/Lenvolwebb-150x150.webp 150w, https:\/\/www.rdelsemme.com\/wp-content\/uploads\/2024\/09\/Lenvolwebb-768x768.webp 768w, https:\/\/www.rdelsemme.com\/wp-content\/uploads\/2024\/09\/Lenvolwebb-600x600.webp 600w, https:\/\/www.rdelsemme.com\/wp-content\/uploads\/2024\/09\/Lenvolwebb-100x100.webp 100w, https:\/\/www.rdelsemme.com\/wp-content\/uploads\/2024\/09\/Lenvolwebb.webp 1080w\" sizes=\"(max-width: 1024px) 100vw, 1024px\" \/>\t\t\t\t\t\t\t\t<\/a>\n\t\t\t\t\t\t\t\t\t\t\t\t\t\t\t<\/div>\n\t\t\t\t<\/div>\n\t\t\t\t\t<\/div>\n\t\t<\/div>\n\t\t\t\t\t<\/div>\n\t\t<\/section>\n\t\t\t\t<\/div>","protected":false},"excerpt":{"rendered":"<p>Portofolio Mon travail s\u2019articule autour de quatre univers.Les Rubans, sculptures en carbone aux formes fluides et l\u00e9g\u00e8res.Les Animaux, o\u00f9 l\u2019instinct et la symbolique prennent vie.Les Voiliers, hommage \u00e0 la mer et \u00e0 la navigation.Et enfin mes tableaux. LES RUBANS LES VOILIERS Les Animaux Les tableaux<\/p>","protected":false},"author":1,"featured_media":0,"parent":0,"menu_order":0,"comment_status":"closed","ping_status":"closed","template":"","meta":{"_kad_post_transparent":"","_kad_post_title":"hide","_kad_post_layout":"fullwidth","_kad_post_sidebar_id":"","_kad_post_content_style":"unboxed","_kad_post_vertical_padding":"hide","_kad_post_feature":"hide","_kad_post_feature_position":"","_kad_post_header":false,"_kad_post_footer":false,"footnotes":""},"class_list":["post-1605","page","type-page","status-publish","hentry"],"yoast_head":"<!-- This site is optimized with the Yoast SEO plugin v27.5 - https:\/\/yoast.com\/product\/yoast-seo-wordpress\/ -->\n<title>Oeuvres - RDelsemme<\/title>\n<meta name=\"robots\" content=\"index, follow, max-snippet:-1, max-image-preview:large, max-video-preview:-1\" \/>\n<link rel=\"canonical\" href=\"https:\/\/www.rdelsemme.com\/en\/oeuvres\/\" \/>\n<meta property=\"og:locale\" content=\"en_US\" \/>\n<meta property=\"og:type\" content=\"article\" \/>\n<meta property=\"og:title\" content=\"Oeuvres - RDelsemme\" \/>\n<meta property=\"og:description\" content=\"Portofolio Mon travail s\u2019articule autour de quatre univers.Les Rubans, sculptures en carbone aux formes fluides et l\u00e9g\u00e8res.Les Animaux, o\u00f9 l\u2019instinct et la symbolique prennent vie.Les Voiliers, hommage \u00e0 la mer et \u00e0 la navigation.Et enfin mes tableaux. LES RUBANS LES VOILIERS Les Animaux Les tableaux\" \/>\n<meta property=\"og:url\" content=\"https:\/\/www.rdelsemme.com\/en\/oeuvres\/\" \/>\n<meta property=\"og:site_name\" content=\"RDelsemme\" \/>\n<meta property=\"article:modified_time\" content=\"2025-09-29T15:05:19+00:00\" \/>\n<meta property=\"og:image\" content=\"https:\/\/www.rdelsemme.com\/wp-content\/uploads\/2025\/09\/une-femme-en-or.jpeg\" \/>\n\t<meta property=\"og:image:width\" content=\"1080\" \/>\n\t<meta property=\"og:image:height\" content=\"1080\" \/>\n\t<meta property=\"og:image:type\" content=\"image\/jpeg\" \/>\n<meta name=\"twitter:card\" content=\"summary_large_image\" \/>\n<meta name=\"twitter:label1\" content=\"Est. reading time\" \/>\n\t<meta name=\"twitter:data1\" content=\"2 minutes\" \/>\n<script type=\"application\/ld+json\" class=\"yoast-schema-graph\">{\"@context\":\"https:\\\/\\\/schema.org\",\"@graph\":[{\"@type\":\"WebPage\",\"@id\":\"https:\\\/\\\/www.rdelsemme.com\\\/oeuvres\\\/\",\"url\":\"https:\\\/\\\/www.rdelsemme.com\\\/oeuvres\\\/\",\"name\":\"Oeuvres - RDelsemme\",\"isPartOf\":{\"@id\":\"https:\\\/\\\/www.rdelsemme.com\\\/#website\"},\"primaryImageOfPage\":{\"@id\":\"https:\\\/\\\/www.rdelsemme.com\\\/oeuvres\\\/#primaryimage\"},\"image\":{\"@id\":\"https:\\\/\\\/www.rdelsemme.com\\\/oeuvres\\\/#primaryimage\"},\"thumbnailUrl\":\"https:\\\/\\\/www.rdelsemme.com\\\/wp-content\\\/uploads\\\/2025\\\/09\\\/une-femme-en-or-1024x1024.jpeg\",\"datePublished\":\"2025-09-22T15:48:52+00:00\",\"dateModified\":\"2025-09-29T15:05:19+00:00\",\"breadcrumb\":{\"@id\":\"https:\\\/\\\/www.rdelsemme.com\\\/oeuvres\\\/#breadcrumb\"},\"inLanguage\":\"en-US\",\"potentialAction\":[{\"@type\":\"ReadAction\",\"target\":[\"https:\\\/\\\/www.rdelsemme.com\\\/oeuvres\\\/\"]}]},{\"@type\":\"ImageObject\",\"inLanguage\":\"en-US\",\"@id\":\"https:\\\/\\\/www.rdelsemme.com\\\/oeuvres\\\/#primaryimage\",\"url\":\"https:\\\/\\\/www.rdelsemme.com\\\/wp-content\\\/uploads\\\/2025\\\/09\\\/une-femme-en-or-1024x1024.jpeg\",\"contentUrl\":\"https:\\\/\\\/www.rdelsemme.com\\\/wp-content\\\/uploads\\\/2025\\\/09\\\/une-femme-en-or-1024x1024.jpeg\"},{\"@type\":\"BreadcrumbList\",\"@id\":\"https:\\\/\\\/www.rdelsemme.com\\\/oeuvres\\\/#breadcrumb\",\"itemListElement\":[{\"@type\":\"ListItem\",\"position\":1,\"name\":\"Accueil\",\"item\":\"https:\\\/\\\/www.rdelsemme.com\\\/\"},{\"@type\":\"ListItem\",\"position\":2,\"name\":\"Oeuvres\"}]},{\"@type\":\"WebSite\",\"@id\":\"https:\\\/\\\/www.rdelsemme.com\\\/#website\",\"url\":\"https:\\\/\\\/www.rdelsemme.com\\\/\",\"name\":\"RDelsemme\",\"description\":\"Artiste Designer\",\"publisher\":{\"@id\":\"https:\\\/\\\/www.rdelsemme.com\\\/#\\\/schema\\\/person\\\/deaaa5efccddd0af470b509f08c766c3\"},\"potentialAction\":[{\"@type\":\"SearchAction\",\"target\":{\"@type\":\"EntryPoint\",\"urlTemplate\":\"https:\\\/\\\/www.rdelsemme.com\\\/?s={search_term_string}\"},\"query-input\":{\"@type\":\"PropertyValueSpecification\",\"valueRequired\":true,\"valueName\":\"search_term_string\"}}],\"inLanguage\":\"en-US\"},{\"@type\":[\"Person\",\"Organization\"],\"@id\":\"https:\\\/\\\/www.rdelsemme.com\\\/#\\\/schema\\\/person\\\/deaaa5efccddd0af470b509f08c766c3\",\"name\":\"rdelsemme\",\"image\":{\"@type\":\"ImageObject\",\"inLanguage\":\"en-US\",\"@id\":\"https:\\\/\\\/www.rdelsemme.com\\\/wp-content\\\/uploads\\\/2022\\\/08\\\/logo-3-512.bmp\",\"url\":\"https:\\\/\\\/www.rdelsemme.com\\\/wp-content\\\/uploads\\\/2022\\\/08\\\/logo-3-512.bmp\",\"contentUrl\":\"https:\\\/\\\/www.rdelsemme.com\\\/wp-content\\\/uploads\\\/2022\\\/08\\\/logo-3-512.bmp\",\"width\":512,\"height\":512,\"caption\":\"rdelsemme\"},\"logo\":{\"@id\":\"https:\\\/\\\/www.rdelsemme.com\\\/wp-content\\\/uploads\\\/2022\\\/08\\\/logo-3-512.bmp\"},\"sameAs\":[\"https:\\\/\\\/www.rdelsemme.com\"]}]}<\/script>\n<!-- \/ Yoast SEO plugin. -->","yoast_head_json":{"title":"Oeuvres - RDelsemme","robots":{"index":"index","follow":"follow","max-snippet":"max-snippet:-1","max-image-preview":"max-image-preview:large","max-video-preview":"max-video-preview:-1"},"canonical":"https:\/\/www.rdelsemme.com\/en\/oeuvres\/","og_locale":"en_US","og_type":"article","og_title":"Oeuvres - RDelsemme","og_description":"Portofolio Mon travail s\u2019articule autour de quatre univers.Les Rubans, sculptures en carbone aux formes fluides et l\u00e9g\u00e8res.Les Animaux, o\u00f9 l\u2019instinct et la symbolique prennent vie.Les Voiliers, hommage \u00e0 la mer et \u00e0 la navigation.Et enfin mes tableaux. LES RUBANS LES VOILIERS Les Animaux Les tableaux","og_url":"https:\/\/www.rdelsemme.com\/en\/oeuvres\/","og_site_name":"RDelsemme","article_modified_time":"2025-09-29T15:05:19+00:00","og_image":[{"width":1080,"height":1080,"url":"https:\/\/www.rdelsemme.com\/wp-content\/uploads\/2025\/09\/une-femme-en-or.jpeg","type":"image\/jpeg"}],"twitter_card":"summary_large_image","twitter_misc":{"Est. reading time":"2 minutes"},"schema":{"@context":"https:\/\/schema.org","@graph":[{"@type":"WebPage","@id":"https:\/\/www.rdelsemme.com\/oeuvres\/","url":"https:\/\/www.rdelsemme.com\/oeuvres\/","name":"Oeuvres - RDelsemme","isPartOf":{"@id":"https:\/\/www.rdelsemme.com\/#website"},"primaryImageOfPage":{"@id":"https:\/\/www.rdelsemme.com\/oeuvres\/#primaryimage"},"image":{"@id":"https:\/\/www.rdelsemme.com\/oeuvres\/#primaryimage"},"thumbnailUrl":"https:\/\/www.rdelsemme.com\/wp-content\/uploads\/2025\/09\/une-femme-en-or-1024x1024.jpeg","datePublished":"2025-09-22T15:48:52+00:00","dateModified":"2025-09-29T15:05:19+00:00","breadcrumb":{"@id":"https:\/\/www.rdelsemme.com\/oeuvres\/#breadcrumb"},"inLanguage":"en-US","potentialAction":[{"@type":"ReadAction","target":["https:\/\/www.rdelsemme.com\/oeuvres\/"]}]},{"@type":"ImageObject","inLanguage":"en-US","@id":"https:\/\/www.rdelsemme.com\/oeuvres\/#primaryimage","url":"https:\/\/www.rdelsemme.com\/wp-content\/uploads\/2025\/09\/une-femme-en-or-1024x1024.jpeg","contentUrl":"https:\/\/www.rdelsemme.com\/wp-content\/uploads\/2025\/09\/une-femme-en-or-1024x1024.jpeg"},{"@type":"BreadcrumbList","@id":"https:\/\/www.rdelsemme.com\/oeuvres\/#breadcrumb","itemListElement":[{"@type":"ListItem","position":1,"name":"Accueil","item":"https:\/\/www.rdelsemme.com\/"},{"@type":"ListItem","position":2,"name":"Oeuvres"}]},{"@type":"WebSite","@id":"https:\/\/www.rdelsemme.com\/#website","url":"https:\/\/www.rdelsemme.com\/","name":"RDelsemme","description":"Artiste Designer","publisher":{"@id":"https:\/\/www.rdelsemme.com\/#\/schema\/person\/deaaa5efccddd0af470b509f08c766c3"},"potentialAction":[{"@type":"SearchAction","target":{"@type":"EntryPoint","urlTemplate":"https:\/\/www.rdelsemme.com\/?s={search_term_string}"},"query-input":{"@type":"PropertyValueSpecification","valueRequired":true,"valueName":"search_term_string"}}],"inLanguage":"en-US"},{"@type":["Person","Organization"],"@id":"https:\/\/www.rdelsemme.com\/#\/schema\/person\/deaaa5efccddd0af470b509f08c766c3","name":"rdelsemme","image":{"@type":"ImageObject","inLanguage":"en-US","@id":"https:\/\/www.rdelsemme.com\/wp-content\/uploads\/2022\/08\/logo-3-512.bmp","url":"https:\/\/www.rdelsemme.com\/wp-content\/uploads\/2022\/08\/logo-3-512.bmp","contentUrl":"https:\/\/www.rdelsemme.com\/wp-content\/uploads\/2022\/08\/logo-3-512.bmp","width":512,"height":512,"caption":"rdelsemme"},"logo":{"@id":"https:\/\/www.rdelsemme.com\/wp-content\/uploads\/2022\/08\/logo-3-512.bmp"},"sameAs":["https:\/\/www.rdelsemme.com"]}]}},"_links":{"self":[{"href":"https:\/\/www.rdelsemme.com\/en\/wp-json\/wp\/v2\/pages\/1605","targetHints":{"allow":["GET"]}}],"collection":[{"href":"https:\/\/www.rdelsemme.com\/en\/wp-json\/wp\/v2\/pages"}],"about":[{"href":"https:\/\/www.rdelsemme.com\/en\/wp-json\/wp\/v2\/types\/page"}],"author":[{"embeddable":true,"href":"https:\/\/www.rdelsemme.com\/en\/wp-json\/wp\/v2\/users\/1"}],"replies":[{"embeddable":true,"href":"https:\/\/www.rdelsemme.com\/en\/wp-json\/wp\/v2\/comments?post=1605"}],"version-history":[{"count":49,"href":"https:\/\/www.rdelsemme.com\/en\/wp-json\/wp\/v2\/pages\/1605\/revisions"}],"predecessor-version":[{"id":2138,"href":"https:\/\/www.rdelsemme.com\/en\/wp-json\/wp\/v2\/pages\/1605\/revisions\/2138"}],"wp:attachment":[{"href":"https:\/\/www.rdelsemme.com\/en\/wp-json\/wp\/v2\/media?parent=1605"}],"curies":[{"name":"wp","href":"https:\/\/api.w.org\/{rel}","templated":true}]}}